{"id":197,"date":"2022-06-13T16:41:07","date_gmt":"2022-06-13T16:41:07","guid":{"rendered":"https:\/\/realtor-favum.eu\/home\/"},"modified":"2023-11-10T13:05:01","modified_gmt":"2023-11-10T13:05:01","slug":"domov","status":"publish","type":"page","link":"https:\/\/realtor-favum.eu\/?lang=sl","title":{"rendered":"Domov"},"content":{"rendered":"\n\n\n\n<h2>Dobrodo\u0161li v nepremi\u010dninski dru\u017ebi Favum d.o.o.<\/h2>\n\n\n\n\n\n\n\n<p><center>Favum d.o.o. je\nbil ustanovljen leta 2014 v Sloveniji, leta 2022 smo postali nepremi\u010dninska\ndru\u017eba. \u017delite kupiti, prodati, najeti ali oddati nepremi\u010dnino? Prisluhnili\nbomo va\u0161im \u017eeljam in nudili pomo\u010d skozi celoten postopek. Govorimo slovensko,\nangle\u0161ko, ukrajinsko, francosko in rusko. <center><\/p>\n\n\n\n\n\n\n\n\n\n\n<h2>Nataliya Nakonechna je vodja nepremi\u010dninskega oddelka Favum. Diplomirala je iz psihologije in knji\u017eevnosti. Nepremi\u010dninske agencije upravlja \u017ee vse od leta 1998 \u2013 najprej v Ukrajini, od leta 2016 pa \u017eivi v Sloveniji. \nNataliya govori slovensko, angle\u0161ko, ukrajinsko in rusko.\n\n\n\n\n\n\n\n\n\n\n\nVerjamemo, da je potrebno zastaviti cilje pravilno \u017ee na za\u010detku poti. To pomeni da bomo sli\u0161ali va\u0161e zahteve in \u017eelje. Zastavili bomo nabor vpra\u0161anj, ki nam bodo pomagala bolje razumeti va\u0161e potrebe. \n\nTudi vam ni v\u0161e\u010d ogled nepremi\u010dnin, ki ne ustrezajo va\u0161im kriterijem, kajne? Verjamemo, da cenite svoj \u010das in prav tako ga cenimo tudi mi.\n\n\n\n\n\n\n\n\nZa vas bomo na\u0161li idealno nepremi\u010dnino iz ogromne ponudbe le-teh. \u010ce je potrebno, sodelujemo z drugimi nepremi\u010dninskimi agencijami, ki so na\u0161i zanesljivi partnerji, da najdemo najbolj primerno nepremi\u010dnino za vas. \n\nPred vsakim ogledom preverimo lastni\u0161tvo nepremi\u010dnine in ali je prosta kakr\u0161nihkoli bremen. \nKo vam predstavimo seznam nepremi\u010dnin in preden za\u010dnemo z ogledi le-teh, vas bomo prosili, da podpi\u0161ete pogodbo o posredovanju, ki natan\u010dno dolo\u010da na\u0161e medsebojne obveznosti.\nIskanje nove nepremi\u010dnine je zahteven postopek in verjamemo v po\u0161ten in spo\u0161tljiv odnos z na\u0161imi strankami \u017ee od za\u010detka. Dobili boste na\u0161e pogoje poslovanja skupaj s cenikom. Brez presene\u010denj\n\n\n\n\n\n\n\n\nAktivno pomagamo pri izvedbi celotnega postopka in pripravljeni na posredovanje v va\u0161em imenu. \nOdvetniki, s katerimi sodelujemo, bodo pripravili osnutek najemne ali prodajne pogodbe. Pomagali vam bomo pri ogledu in ocenjevanju stanja nepremi\u010dnine.\n\n<h2>Na\u0161e storitve <\/h2>\n\n\n\n\n\n\n\n\n\n<h4>Stanovanjske nepremi\u010dnine<\/h4>\n<p><\/p><center><span style=\"font-weight: normal;\">Ne glede na to ali i\u0161\u010dete nepremi\u010dnino za nakup ali najem, ne glede na to ali gre za hi\u0161o ali stanovanje, imamo veliko bazo razpolo\u017eljivih nepremi\u010dnin.  <\/span><center><\/center><\/center><p><\/p>\n\n\n\n<h4>Poslovni prostori<\/h4>\n<p><\/p><center><span style=\"font-weight: normal;\">Na\u010drtujete odpreti restavracijo, skladi\u0161\u010de ali trgovino? Kontaktirajte nas, saj imamo veliko ponudbo nepremi\u010dnin, ki bi ustrezale va\u0161im potrebam.<\/span><\/center><br>\n<center><span\u00a0style=\"font-weight: normal;\"=\"\"><center> <\/center><\/span\u00a0style=\"font-weight:><\/center>\n\n\n\n<h4>Zemlji\u0161\u010de<\/h4>\n<p><\/p><center><span style=\"font-weight: normal;\">Iskanje zazidljivega zemlji\u0161\u010da v Sloveniji je lahko zahtevna naloga, \u0161e posebej v okolici Ljubljane. Smo v stiku z lastniki zemlji\u0161\u010d na najbolj\u0161ih lokacijah v Ljubljani in okolici. <\/span><center><\/center><\/center><p><\/p>\n\n\n\n\n\n\n\n\n\n\n\n\n\n\n\n\n\n\n\n","protected":false},"excerpt":{"rendered":"","protected":false},"author":1,"featured_media":0,"parent":0,"menu_order":0,"comment_status":"closed","ping_status":"closed","template":"","meta":{"pagelayer_contact_templates":[],"_pagelayer_content":"","footnotes":""},"class_list":["post-197","page","type-page","status-publish","hentry"],"_links":{"self":[{"href":"https:\/\/realtor-favum.eu\/index.php?rest_route=\/wp\/v2\/pages\/197","targetHints":{"allow":["GET"]}}],"collection":[{"href":"https:\/\/realtor-favum.eu\/index.php?rest_route=\/wp\/v2\/pages"}],"about":[{"href":"https:\/\/realtor-favum.eu\/index.php?rest_route=\/wp\/v2\/types\/page"}],"author":[{"embeddable":true,"href":"https:\/\/realtor-favum.eu\/index.php?rest_route=\/wp\/v2\/users\/1"}],"replies":[{"embeddable":true,"href":"https:\/\/realtor-favum.eu\/index.php?rest_route=%2Fwp%2Fv2%2Fcomments&post=197"}],"version-history":[{"count":138,"href":"https:\/\/realtor-favum.eu\/index.php?rest_route=\/wp\/v2\/pages\/197\/revisions"}],"predecessor-version":[{"id":1182,"href":"https:\/\/realtor-favum.eu\/index.php?rest_route=\/wp\/v2\/pages\/197\/revisions\/1182"}],"wp:attachment":[{"href":"https:\/\/realtor-favum.eu\/index.php?rest_route=%2Fwp%2Fv2%2Fmedia&parent=197"}],"curies":[{"name":"wp","href":"https:\/\/api.w.org\/{rel}","templated":true}]}}